{"id":12450,"date":"2025-01-21T09:41:29","date_gmt":"2025-01-21T09:41:29","guid":{"rendered":"https:\/\/surfmilfontes.pt\/?page_id=12450"},"modified":"2025-02-28T11:09:22","modified_gmt":"2025-02-28T11:09:22","slug":"termos-condicoes","status":"publish","type":"page","link":"https:\/\/surfmilfontes.pt\/en\/termos-condicoes\/","title":{"rendered":"Termos e Condi\u00e7\u00f5es"},"content":{"rendered":"\t\t<div data-elementor-type=\"wp-page\" data-elementor-id=\"12450\" class=\"elementor elementor-12450\" data-elementor-post-type=\"page\">\n\t\t\t\t<div class=\"elementor-element elementor-element-252c7d5 e-con-full e-flex e-con e-parent\" data-id=\"252c7d5\" data-element_type=\"container\" data-e-type=\"container\" data-settings=\"{&quot;background_background&quot;:&quot;classic&quot;}\">\n\t\t<div class=\"elementor-element elementor-element-a1144ff e-con-full e-flex e-con e-child\" data-id=\"a1144ff\" data-element_type=\"container\" data-e-type=\"container\">\n\t\t\t\t<div class=\"elementor-element elementor-element-d86d03e elementor-widget elementor-widget-heading\" data-id=\"d86d03e\" data-element_type=\"widget\" data-e-type=\"widget\" data-widget_type=\"heading.default\">\n\t\t\t\t<div class=\"elementor-widget-container\">\n\t\t\t\t\t<h1 class=\"elementor-heading-title elementor-size-default\">Termos e Condi\u00e7\u00f5es<\/h1>\t\t\t\t<\/div>\n\t\t\t\t<\/div>\n\t\t\t\t<\/div>\n\t\t\t\t<\/div>\n\t\t<div class=\"elementor-element elementor-element-0a7d663 e-flex e-con-boxed e-con e-parent\" data-id=\"0a7d663\" data-element_type=\"container\" data-e-type=\"container\">\n\t\t\t\t\t<div class=\"e-con-inner\">\n\t\t<div class=\"elementor-element elementor-element-839ca3e e-con-full e-flex e-con e-child\" data-id=\"839ca3e\" data-element_type=\"container\" data-e-type=\"container\">\n\t\t\t\t<div class=\"elementor-element elementor-element-23f4840 spr-h2 elementor-widget elementor-widget-heading\" data-id=\"23f4840\" data-element_type=\"widget\" data-e-type=\"widget\" data-widget_type=\"heading.default\">\n\t\t\t\t<div class=\"elementor-widget-container\">\n\t\t\t\t\t<h2 class=\"elementor-heading-title elementor-size-default\">Termos e Condi\u00e7\u00f5es de Participa\u00e7\u00e3o nas Aulas de Surf<\/h2>\t\t\t\t<\/div>\n\t\t\t\t<\/div>\n\t\t\t\t<div class=\"elementor-element elementor-element-e77747a elementor-widget elementor-widget-text-editor\" data-id=\"e77747a\" data-element_type=\"widget\" data-e-type=\"widget\" data-widget_type=\"text-editor.default\">\n\t\t\t\t<div class=\"elementor-widget-container\">\n\t\t\t\t\t\t\t\t\t<p>A participa\u00e7\u00e3o nas aulas de surf organizadas pela SurfMilfontes implica a aceita\u00e7\u00e3o dos seguintes termos e condi\u00e7\u00f5es. \u00c9 essencial que todos os Participantes leiam e compreendam este documento antes de prosseguir.<\/p>\t\t\t\t\t\t\t\t<\/div>\n\t\t\t\t<\/div>\n\t\t\t\t<\/div>\n\t\t<div class=\"elementor-element elementor-element-76ae99a e-con-full e-flex e-con e-child\" data-id=\"76ae99a\" data-element_type=\"container\" data-e-type=\"container\">\n\t\t\t\t<div class=\"elementor-element elementor-element-599247b spr-h4 elementor-widget elementor-widget-heading\" data-id=\"599247b\" data-element_type=\"widget\" data-e-type=\"widget\" data-widget_type=\"heading.default\">\n\t\t\t\t<div class=\"elementor-widget-container\">\n\t\t\t\t\t<h2 class=\"elementor-heading-title elementor-size-default\">Reconhecimento de Riscos<\/h2>\t\t\t\t<\/div>\n\t\t\t\t<\/div>\n\t\t\t\t<div class=\"elementor-element elementor-element-8f6824e elementor-widget elementor-widget-text-editor\" data-id=\"8f6824e\" data-element_type=\"widget\" data-e-type=\"widget\" data-widget_type=\"text-editor.default\">\n\t\t\t\t<div class=\"elementor-widget-container\">\n\t\t\t\t\t\t\t\t\t<p>O Participante reconhece que a pr\u00e1tica de surf envolve riscos inerentes, como les\u00f5es f\u00edsicas, afogamento e danos a bens pessoais. Declara estar ciente destes riscos e aceita-os como condi\u00e7\u00e3o de participa\u00e7\u00e3o.<\/p>\t\t\t\t\t\t\t\t<\/div>\n\t\t\t\t<\/div>\n\t\t\t\t<\/div>\n\t\t<div class=\"elementor-element elementor-element-5537c81 e-con-full e-flex e-con e-child\" data-id=\"5537c81\" data-element_type=\"container\" data-e-type=\"container\">\n\t\t\t\t<div class=\"elementor-element elementor-element-c707ece spr-h4 elementor-widget elementor-widget-heading\" data-id=\"c707ece\" data-element_type=\"widget\" data-e-type=\"widget\" data-widget_type=\"heading.default\">\n\t\t\t\t<div class=\"elementor-widget-container\">\n\t\t\t\t\t<h2 class=\"elementor-heading-title elementor-size-default\">Cumprimento de Regras e Instru\u00e7\u00f5es<\/h2>\t\t\t\t<\/div>\n\t\t\t\t<\/div>\n\t\t\t\t<div class=\"elementor-element elementor-element-6d8ef5b elementor-widget elementor-widget-text-editor\" data-id=\"6d8ef5b\" data-element_type=\"widget\" data-e-type=\"widget\" data-widget_type=\"text-editor.default\">\n\t\t\t\t<div class=\"elementor-widget-container\">\n\t\t\t\t\t\t\t\t\t<p>O Participante compromete-se a seguir todas as orienta\u00e7\u00f5es fornecidas pelos instrutores durante as aulas, respeitando as regras de seguran\u00e7a e boas pr\u00e1ticas indicadas. A SurfMilfontes reserva o direito de alterar, adiar ou cancelar as aulas caso as condi\u00e7\u00f5es meteorol\u00f3gicas ou do mar comprometam a seguran\u00e7a dos Participantes.<\/p>\t\t\t\t\t\t\t\t<\/div>\n\t\t\t\t<\/div>\n\t\t\t\t<\/div>\n\t\t<div class=\"elementor-element elementor-element-9068012 e-con-full e-flex e-con e-child\" data-id=\"9068012\" data-element_type=\"container\" data-e-type=\"container\">\n\t\t\t\t<div class=\"elementor-element elementor-element-1986485 spr-h4 elementor-widget elementor-widget-heading\" data-id=\"1986485\" data-element_type=\"widget\" data-e-type=\"widget\" data-widget_type=\"heading.default\">\n\t\t\t\t<div class=\"elementor-widget-container\">\n\t\t\t\t\t<h2 class=\"elementor-heading-title elementor-size-default\">Participa\u00e7\u00e3o de Menores<\/h2>\t\t\t\t<\/div>\n\t\t\t\t<\/div>\n\t\t\t\t<div class=\"elementor-element elementor-element-9965b82 elementor-widget elementor-widget-text-editor\" data-id=\"9965b82\" data-element_type=\"widget\" data-e-type=\"widget\" data-widget_type=\"text-editor.default\">\n\t\t\t\t<div class=\"elementor-widget-container\">\n\t\t\t\t\t\t\t\t\t<p>Se o Participante for respons\u00e1vel por menores (indiv\u00edduos com menos de 18 anos), declara ser o tutor legal ou possuir autoriza\u00e7\u00e3o para agir em nome dos menores. Compromete-se a garantir que os menores cumpram todas as instru\u00e7\u00f5es de seguran\u00e7a e comportamento durante as aulas.<\/p>\t\t\t\t\t\t\t\t<\/div>\n\t\t\t\t<\/div>\n\t\t\t\t<\/div>\n\t\t<div class=\"elementor-element elementor-element-25eb2dc e-con-full e-flex e-con e-child\" data-id=\"25eb2dc\" data-element_type=\"container\" data-e-type=\"container\">\n\t\t\t\t<div class=\"elementor-element elementor-element-af37389 spr-h4 elementor-widget elementor-widget-heading\" data-id=\"af37389\" data-element_type=\"widget\" data-e-type=\"widget\" data-widget_type=\"heading.default\">\n\t\t\t\t<div class=\"elementor-widget-container\">\n\t\t\t\t\t<h2 class=\"elementor-heading-title elementor-size-default\">Uso de Equipamento de Seguran\u00e7a<\/h2>\t\t\t\t<\/div>\n\t\t\t\t<\/div>\n\t\t\t\t<div class=\"elementor-element elementor-element-2f3c68c elementor-widget elementor-widget-text-editor\" data-id=\"2f3c68c\" data-element_type=\"widget\" data-e-type=\"widget\" data-widget_type=\"text-editor.default\">\n\t\t\t\t<div class=\"elementor-widget-container\">\n\t\t\t\t\t\t\t\t\t<p>O Participante compromete-se a utilizar todo o equipamento de seguran\u00e7a fornecido pela SurfMilfontes durante as aulas e a tratar o material com cuidado. Quaisquer danos causados por uso indevido podem ser cobrados ao Participante.<\/p>\t\t\t\t\t\t\t\t<\/div>\n\t\t\t\t<\/div>\n\t\t\t\t<\/div>\n\t\t<div class=\"elementor-element elementor-element-73de01a e-con-full e-flex e-con e-child\" data-id=\"73de01a\" data-element_type=\"container\" data-e-type=\"container\">\n\t\t\t\t<div class=\"elementor-element elementor-element-237e37d spr-h4 elementor-widget elementor-widget-heading\" data-id=\"237e37d\" data-element_type=\"widget\" data-e-type=\"widget\" data-widget_type=\"heading.default\">\n\t\t\t\t<div class=\"elementor-widget-container\">\n\t\t\t\t\t<h2 class=\"elementor-heading-title elementor-size-default\">Declara\u00e7\u00e3o de Sa\u00fade e Aptid\u00e3o F\u00edsica<\/h2>\t\t\t\t<\/div>\n\t\t\t\t<\/div>\n\t\t\t\t<div class=\"elementor-element elementor-element-5cb8c51 elementor-widget elementor-widget-text-editor\" data-id=\"5cb8c51\" data-element_type=\"widget\" data-e-type=\"widget\" data-widget_type=\"text-editor.default\">\n\t\t\t\t<div class=\"elementor-widget-container\">\n\t\t\t\t\t\t\t\t\t<p>O Participante confirma estar em boas condi\u00e7\u00f5es de sa\u00fade e apto a participar nas aulas de surf sem risco para a sua seguran\u00e7a. Quaisquer condi\u00e7\u00f5es m\u00e9dicas, les\u00f5es ou limita\u00e7\u00f5es que possam interferir na sua participa\u00e7\u00e3o devem ser informadas \u00e0 SurfMilfontes previamente. O Participante compromete-se ainda a notificar imediatamente a equipa sobre qualquer altera\u00e7\u00e3o no seu estado de sa\u00fade.<\/p>\t\t\t\t\t\t\t\t<\/div>\n\t\t\t\t<\/div>\n\t\t\t\t<\/div>\n\t\t<div class=\"elementor-element elementor-element-83a3f6b e-con-full e-flex e-con e-child\" data-id=\"83a3f6b\" data-element_type=\"container\" data-e-type=\"container\">\n\t\t\t\t<div class=\"elementor-element elementor-element-3c0b3a9 spr-h4 elementor-widget elementor-widget-heading\" data-id=\"3c0b3a9\" data-element_type=\"widget\" data-e-type=\"widget\" data-widget_type=\"heading.default\">\n\t\t\t\t<div class=\"elementor-widget-container\">\n\t\t\t\t\t<h2 class=\"elementor-heading-title elementor-size-default\">Autoriza\u00e7\u00e3o M\u00e9dica<\/h2>\t\t\t\t<\/div>\n\t\t\t\t<\/div>\n\t\t\t\t<div class=\"elementor-element elementor-element-e946a8d elementor-widget elementor-widget-text-editor\" data-id=\"e946a8d\" data-element_type=\"widget\" data-e-type=\"widget\" data-widget_type=\"text-editor.default\">\n\t\t\t\t<div class=\"elementor-widget-container\">\n\t\t\t\t\t\t\t\t\t<p>Em caso de emerg\u00eancia m\u00e9dica, o Participante autoriza a SurfMilfontes a procurar assist\u00eancia m\u00e9dica em seu nome. Todas as despesas decorrentes de tal assist\u00eancia ser\u00e3o da responsabilidade do Participante.<\/p>\t\t\t\t\t\t\t\t<\/div>\n\t\t\t\t<\/div>\n\t\t\t\t<\/div>\n\t\t<div class=\"elementor-element elementor-element-b86e4fc e-con-full e-flex e-con e-child\" data-id=\"b86e4fc\" data-element_type=\"container\" data-e-type=\"container\">\n\t\t\t\t<div class=\"elementor-element elementor-element-81d21e1 spr-h4 elementor-widget elementor-widget-heading\" data-id=\"81d21e1\" data-element_type=\"widget\" data-e-type=\"widget\" data-widget_type=\"heading.default\">\n\t\t\t\t<div class=\"elementor-widget-container\">\n\t\t\t\t\t<h2 class=\"elementor-heading-title elementor-size-default\">Direito de Utiliza\u00e7\u00e3o de Imagem e V\u00eddeo<\/h2>\t\t\t\t<\/div>\n\t\t\t\t<\/div>\n\t\t\t\t<div class=\"elementor-element elementor-element-cd7720c elementor-widget elementor-widget-text-editor\" data-id=\"cd7720c\" data-element_type=\"widget\" data-e-type=\"widget\" data-widget_type=\"text-editor.default\">\n\t\t\t\t<div class=\"elementor-widget-container\">\n\t\t\t\t\t\t\t\t\t<p>O Participante autoriza a SurfMilfontes a captar e utilizar imagens e v\u00eddeos captados durante as aulas de surf para fins promocionais, incluindo, mas n\u00e3o se limitando, \u00e0 publica\u00e7\u00e3o em redes sociais e materiais publicit\u00e1rios. Caso o Participante n\u00e3o concorde com a utiliza\u00e7\u00e3o da sua imagem, dever\u00e1 comunicar previamente \u00e0 equipa da SurfMilfontes.<\/p>\t\t\t\t\t\t\t\t<\/div>\n\t\t\t\t<\/div>\n\t\t\t\t<\/div>\n\t\t<div class=\"elementor-element elementor-element-1e068ce e-con-full e-flex e-con e-child\" data-id=\"1e068ce\" data-element_type=\"container\" data-e-type=\"container\">\n\t\t\t\t<div class=\"elementor-element elementor-element-a499a2f spr-h4 elementor-widget elementor-widget-heading\" data-id=\"a499a2f\" data-element_type=\"widget\" data-e-type=\"widget\" data-widget_type=\"heading.default\">\n\t\t\t\t<div class=\"elementor-widget-container\">\n\t\t\t\t\t<h2 class=\"elementor-heading-title elementor-size-default\">Isen\u00e7\u00e3o de Responsabilidade<\/h2>\t\t\t\t<\/div>\n\t\t\t\t<\/div>\n\t\t\t\t<div class=\"elementor-element elementor-element-a25cfb0 elementor-widget elementor-widget-text-editor\" data-id=\"a25cfb0\" data-element_type=\"widget\" data-e-type=\"widget\" data-widget_type=\"text-editor.default\">\n\t\t\t\t<div class=\"elementor-widget-container\">\n\t\t\t\t\t\t\t\t\t<p>Ao aceitar estes termos, o Participante isenta a SurfMilfontes, os seus instrutores e colaboradores de qualquer responsabilidade por les\u00f5es, danos ou perdas que possam ocorrer durante as aulas, incluindo danos a bens pessoais. Esta isen\u00e7\u00e3o aplica-se a qualquer situa\u00e7\u00e3o decorrente da participa\u00e7\u00e3o nas aulas, exceto em casos de neglig\u00eancia comprovada por parte da SurfMilfontes.<\/p>\t\t\t\t\t\t\t\t<\/div>\n\t\t\t\t<\/div>\n\t\t\t\t<\/div>\n\t\t<div class=\"elementor-element elementor-element-821cc16 e-con-full e-flex e-con e-child\" data-id=\"821cc16\" data-element_type=\"container\" data-e-type=\"container\">\n\t\t\t\t<div class=\"elementor-element elementor-element-5535305 spr-h4 elementor-widget elementor-widget-heading\" data-id=\"5535305\" data-element_type=\"widget\" data-e-type=\"widget\" data-widget_type=\"heading.default\">\n\t\t\t\t<div class=\"elementor-widget-container\">\n\t\t\t\t\t<h2 class=\"elementor-heading-title elementor-size-default\">Aceita\u00e7\u00e3o e Contacto<\/h2>\t\t\t\t<\/div>\n\t\t\t\t<\/div>\n\t\t\t\t<div class=\"elementor-element elementor-element-4845363 elementor-widget elementor-widget-text-editor\" data-id=\"4845363\" data-element_type=\"widget\" data-e-type=\"widget\" data-widget_type=\"text-editor.default\">\n\t\t\t\t<div class=\"elementor-widget-container\">\n\t\t\t\t\t\t\t\t\t<p>Ao selecionar &#8220;Aceito&#8221; no formul\u00e1rio de participa\u00e7\u00e3o, o Participante confirma ter lido, compreendido e concordado com todos os termos descritos neste documento. Caso n\u00e3o aceite algum dos termos, o Participante dever\u00e1 entrar em contacto com a equipa da SurfMilfontes antes do in\u00edcio das atividades para esclarecer d\u00favidas ou resolver quaisquer quest\u00f5es.<\/p>\t\t\t\t\t\t\t\t<\/div>\n\t\t\t\t<\/div>\n\t\t\t\t<\/div>\n\t\t\t\t\t<\/div>\n\t\t\t\t<\/div>\n\t\t\t\t<\/div>\n\t\t","protected":false},"excerpt":{"rendered":"<p>Termos e Condi\u00e7\u00f5es Termos e Condi\u00e7\u00f5es de Participa\u00e7\u00e3o nas Aulas de Surf A participa\u00e7\u00e3o nas aulas de surf organizadas pela SurfMilfontes implica a aceita\u00e7\u00e3o dos seguintes termos e condi\u00e7\u00f5es. \u00c9 essencial que todos os Participantes leiam e compreendam este documento antes de prosseguir. Reconhecimento de Riscos O Participante reconhece que a pr\u00e1tica de surf envolve [&hellip;]<\/p>\n","protected":false},"author":1,"featured_media":0,"parent":0,"menu_order":0,"comment_status":"closed","ping_status":"closed","template":"","meta":{"footnotes":""},"class_list":["post-12450","page","type-page","status-publish","hentry"],"_links":{"self":[{"href":"https:\/\/surfmilfontes.pt\/en\/wp-json\/wp\/v2\/pages\/12450","targetHints":{"allow":["GET"]}}],"collection":[{"href":"https:\/\/surfmilfontes.pt\/en\/wp-json\/wp\/v2\/pages"}],"about":[{"href":"https:\/\/surfmilfontes.pt\/en\/wp-json\/wp\/v2\/types\/page"}],"author":[{"embeddable":true,"href":"https:\/\/surfmilfontes.pt\/en\/wp-json\/wp\/v2\/users\/1"}],"replies":[{"embeddable":true,"href":"https:\/\/surfmilfontes.pt\/en\/wp-json\/wp\/v2\/comments?post=12450"}],"version-history":[{"count":78,"href":"https:\/\/surfmilfontes.pt\/en\/wp-json\/wp\/v2\/pages\/12450\/revisions"}],"predecessor-version":[{"id":12542,"href":"https:\/\/surfmilfontes.pt\/en\/wp-json\/wp\/v2\/pages\/12450\/revisions\/12542"}],"wp:attachment":[{"href":"https:\/\/surfmilfontes.pt\/en\/wp-json\/wp\/v2\/media?parent=12450"}],"curies":[{"name":"wp","href":"https:\/\/api.w.org\/{rel}","templated":true}]}}